{"id":22,"date":"2026-04-17T11:53:13","date_gmt":"2026-04-17T11:53:13","guid":{"rendered":"http:\/\/cabinet-dentaire-meyer-bergaminelli.fr\/?page_id=22"},"modified":"2026-04-17T13:12:19","modified_gmt":"2026-04-17T13:12:19","slug":"une-section-de-page-daccueil","status":"publish","type":"page","link":"https:\/\/cabinet-dentaire-meyer-bergaminelli.fr\/index.php\/une-section-de-page-daccueil\/","title":{"rendered":"Dr Alexandre BERGAMINELLI &amp; Jos\u00e9pha"},"content":{"rendered":"\n<p>Dipl\u00f4m\u00e9 de la Facult\u00e9 de Chirurgie Dentaire de Strasbourg<\/p>\n\n\n\n<figure class=\"wp-block-image size-large\"><img loading=\"lazy\" decoding=\"async\" width=\"701\" height=\"1024\" src=\"http:\/\/cabinet-dentaire-meyer-bergaminelli.fr\/wp-content\/uploads\/2026\/04\/ribhavagrawal-ai-generated-9019520_1920-701x1024.png\" alt=\"\" class=\"wp-image-55\" srcset=\"https:\/\/cabinet-dentaire-meyer-bergaminelli.fr\/wp-content\/uploads\/2026\/04\/ribhavagrawal-ai-generated-9019520_1920-701x1024.png 701w, https:\/\/cabinet-dentaire-meyer-bergaminelli.fr\/wp-content\/uploads\/2026\/04\/ribhavagrawal-ai-generated-9019520_1920-205x300.png 205w, https:\/\/cabinet-dentaire-meyer-bergaminelli.fr\/wp-content\/uploads\/2026\/04\/ribhavagrawal-ai-generated-9019520_1920-768x1122.png 768w, https:\/\/cabinet-dentaire-meyer-bergaminelli.fr\/wp-content\/uploads\/2026\/04\/ribhavagrawal-ai-generated-9019520_1920-1051x1536.png 1051w, https:\/\/cabinet-dentaire-meyer-bergaminelli.fr\/wp-content\/uploads\/2026\/04\/ribhavagrawal-ai-generated-9019520_1920.png 1314w\" sizes=\"auto, (max-width: 701px) 100vw, 701px\" \/><\/figure>\n\n\n\n<figure class=\"wp-block-image size-large\"><img loading=\"lazy\" decoding=\"async\" width=\"683\" height=\"1024\" src=\"http:\/\/cabinet-dentaire-meyer-bergaminelli.fr\/wp-content\/uploads\/2026\/04\/jump1987-dentist-10084511_1920-683x1024.jpg\" alt=\"\" class=\"wp-image-56\" srcset=\"https:\/\/cabinet-dentaire-meyer-bergaminelli.fr\/wp-content\/uploads\/2026\/04\/jump1987-dentist-10084511_1920-683x1024.jpg 683w, https:\/\/cabinet-dentaire-meyer-bergaminelli.fr\/wp-content\/uploads\/2026\/04\/jump1987-dentist-10084511_1920-200x300.jpg 200w, https:\/\/cabinet-dentaire-meyer-bergaminelli.fr\/wp-content\/uploads\/2026\/04\/jump1987-dentist-10084511_1920-768x1152.jpg 768w, https:\/\/cabinet-dentaire-meyer-bergaminelli.fr\/wp-content\/uploads\/2026\/04\/jump1987-dentist-10084511_1920-1024x1536.jpg 1024w, https:\/\/cabinet-dentaire-meyer-bergaminelli.fr\/wp-content\/uploads\/2026\/04\/jump1987-dentist-10084511_1920.jpg 1280w\" sizes=\"auto, (max-width: 683px) 100vw, 683px\" \/><\/figure>\n","protected":false},"excerpt":{"rendered":"<p>Dipl\u00f4m\u00e9 de la Facult\u00e9 de Chirurgie Dentaire de Strasbourg<\/p>\n","protected":false},"author":1,"featured_media":64,"parent":0,"menu_order":0,"comment_status":"closed","ping_status":"closed","template":"","meta":{"footnotes":""},"class_list":["post-22","page","type-page","status-publish","has-post-thumbnail","hentry"],"jetpack_sharing_enabled":true,"_links":{"self":[{"href":"https:\/\/cabinet-dentaire-meyer-bergaminelli.fr\/index.php\/wp-json\/wp\/v2\/pages\/22","targetHints":{"allow":["GET"]}}],"collection":[{"href":"https:\/\/cabinet-dentaire-meyer-bergaminelli.fr\/index.php\/wp-json\/wp\/v2\/pages"}],"about":[{"href":"https:\/\/cabinet-dentaire-meyer-bergaminelli.fr\/index.php\/wp-json\/wp\/v2\/types\/page"}],"author":[{"embeddable":true,"href":"https:\/\/cabinet-dentaire-meyer-bergaminelli.fr\/index.php\/wp-json\/wp\/v2\/users\/1"}],"replies":[{"embeddable":true,"href":"https:\/\/cabinet-dentaire-meyer-bergaminelli.fr\/index.php\/wp-json\/wp\/v2\/comments?post=22"}],"version-history":[{"count":2,"href":"https:\/\/cabinet-dentaire-meyer-bergaminelli.fr\/index.php\/wp-json\/wp\/v2\/pages\/22\/revisions"}],"predecessor-version":[{"id":58,"href":"https:\/\/cabinet-dentaire-meyer-bergaminelli.fr\/index.php\/wp-json\/wp\/v2\/pages\/22\/revisions\/58"}],"wp:featuredmedia":[{"embeddable":true,"href":"https:\/\/cabinet-dentaire-meyer-bergaminelli.fr\/index.php\/wp-json\/wp\/v2\/media\/64"}],"wp:attachment":[{"href":"https:\/\/cabinet-dentaire-meyer-bergaminelli.fr\/index.php\/wp-json\/wp\/v2\/media?parent=22"}],"curies":[{"name":"wp","href":"https:\/\/api.w.org\/{rel}","templated":true}]}}