{"id":102,"date":"2026-04-17T13:44:01","date_gmt":"2026-04-17T13:44:01","guid":{"rendered":"http:\/\/cabinet-dentaire-meyer-bergaminelli.fr\/?page_id=102"},"modified":"2026-04-17T14:32:35","modified_gmt":"2026-04-17T14:32:35","slug":"contact","status":"publish","type":"page","link":"https:\/\/cabinet-dentaire-meyer-bergaminelli.fr\/index.php\/contact\/","title":{"rendered":"Contact"},"content":{"rendered":"\n<div class=\"wp-block-columns is-layout-flex wp-container-core-columns-is-layout-9d6595d7 wp-block-columns-is-layout-flex\">\n<div class=\"wp-block-column is-layout-flow wp-block-column-is-layout-flow\">\n<p><strong>Horaires du secr\u00e9tariat<\/strong><\/p>\n<\/div>\n<\/div>\n\n\n\n<div class=\"wp-block-columns is-layout-flex wp-container-core-columns-is-layout-9d6595d7 wp-block-columns-is-layout-flex\">\n<div class=\"wp-block-column is-layout-flow wp-block-column-is-layout-flow\">\n<p><strong>LUNDI<\/strong><\/p>\n\n\n\n<p><strong>MARDI<\/strong><\/p>\n\n\n\n<p><strong>MERCREDI<\/strong><\/p>\n\n\n\n<p><strong>JEUDI<\/strong><\/p>\n\n\n\n<p><strong>VENDREDI<\/strong><\/p>\n<\/div>\n\n\n\n<div class=\"wp-block-column is-layout-flow wp-block-column-is-layout-flow\">\n<p>8h15 &#8211; 12h00<\/p>\n\n\n\n<p>8h15 &#8211; 12h00<\/p>\n\n\n\n<p>8h15 &#8211; 12h00<\/p>\n\n\n\n<p>8h15 &#8211; 12h00<\/p>\n\n\n\n<p>8h15 &#8211; 12h00<\/p>\n<\/div>\n\n\n\n<div class=\"wp-block-column is-layout-flow wp-block-column-is-layout-flow\">\n<p>14h00 &#8211; 18h00<\/p>\n\n\n\n<p>14h00 &#8211; 18h00<\/p>\n\n\n\n<p>14h00 &#8211; 18h00<\/p>\n\n\n\n<p>14h00 &#8211; 18h00<\/p>\n\n\n\n<p>14h00 &#8211; 16h00<\/p>\n<\/div>\n<\/div>\n\n\n\n<p><strong>Prise de rendez-vous par t\u00e9l\u00e9phone uniquement<\/strong><\/p>\n\n\n\n<p>T\u00e9l\u00e9phone : 03 89 75 47 43<\/p>\n\n\n\n<p>Adresse : 4 Quai des Platanes<\/p>\n\n\n\n<div class=\"wp-block-gmap-gmap-block gmap-block-0ocss95h\"><iframe src=\"https:\/\/maps.google.com\/maps?q=4+Quai+des+Platanes%2C+68700+Cernay&amp;z=15&amp;t=roadmap&amp;output=embed\" class=\"embd-map\" title=\"4 Quai des Platanes, 68700 Cernay\"><\/iframe><\/div>\n","protected":false},"excerpt":{"rendered":"<p>Horaires du secr\u00e9tariat LUNDI MARDI MERCREDI JEUDI VENDREDI 8h15 &#8211; 12h00 8h15 &#8211; 12h00 8h15 &#8211; 12h00 8h15 &#8211; 12h00 8h15 &#8211; 12h00 14h00 &#8211; 18h00 14h00 &#8211; 18h00 14h00 &#8211; 18h00 14h00 &#8211; 18h00 14h00 &#8211; 16h00 Prise de rendez-vous par t\u00e9l\u00e9phone uniquement T\u00e9l\u00e9phone : 03 89 75 47 43 Adresse : 4 Quai &hellip; <\/p>\n<p class=\"link-more\"><a href=\"https:\/\/cabinet-dentaire-meyer-bergaminelli.fr\/index.php\/contact\/\" class=\"more-link\">Continuer la lecture<span class=\"screen-reader-text\"> de &laquo;&nbsp;Contact&nbsp;&raquo;<\/span><\/a><\/p>\n","protected":false},"author":1,"featured_media":0,"parent":0,"menu_order":0,"comment_status":"closed","ping_status":"closed","template":"","meta":{"footnotes":""},"class_list":["post-102","page","type-page","status-publish","hentry"],"_links":{"self":[{"href":"https:\/\/cabinet-dentaire-meyer-bergaminelli.fr\/index.php\/wp-json\/wp\/v2\/pages\/102","targetHints":{"allow":["GET"]}}],"collection":[{"href":"https:\/\/cabinet-dentaire-meyer-bergaminelli.fr\/index.php\/wp-json\/wp\/v2\/pages"}],"about":[{"href":"https:\/\/cabinet-dentaire-meyer-bergaminelli.fr\/index.php\/wp-json\/wp\/v2\/types\/page"}],"author":[{"embeddable":true,"href":"https:\/\/cabinet-dentaire-meyer-bergaminelli.fr\/index.php\/wp-json\/wp\/v2\/users\/1"}],"replies":[{"embeddable":true,"href":"https:\/\/cabinet-dentaire-meyer-bergaminelli.fr\/index.php\/wp-json\/wp\/v2\/comments?post=102"}],"version-history":[{"count":7,"href":"https:\/\/cabinet-dentaire-meyer-bergaminelli.fr\/index.php\/wp-json\/wp\/v2\/pages\/102\/revisions"}],"predecessor-version":[{"id":115,"href":"https:\/\/cabinet-dentaire-meyer-bergaminelli.fr\/index.php\/wp-json\/wp\/v2\/pages\/102\/revisions\/115"}],"wp:attachment":[{"href":"https:\/\/cabinet-dentaire-meyer-bergaminelli.fr\/index.php\/wp-json\/wp\/v2\/media?parent=102"}],"curies":[{"name":"wp","href":"https:\/\/api.w.org\/{rel}","templated":true}]}}